{"id":5718,"date":"2021-07-10T17:56:27","date_gmt":"2021-07-10T17:56:27","guid":{"rendered":"https:\/\/solidfence.eu\/gehoeren\/"},"modified":"2021-07-10T17:56:30","modified_gmt":"2021-07-10T17:56:30","slug":"gehoeren","status":"publish","type":"page","link":"https:\/\/solidfence.eu\/de\/gehoeren\/","title":{"rendered":"Geh\u00f6ren"},"content":{"rendered":"<p>W\u00c4HLEN SIE IHR DESIGN<\/p>\n<h2>Unser Zubeh\u00f6rsortiment<\/h2>\n<p>\t\t\t<a href=\"https:\/\/solidfence.eu\/de\/kontakt\/\" role=\"button\"><br \/>\n\t\t\t\t\t\tKontakt<br \/>\n\t\t\t\t\t<\/a><br \/>\n\t\t\t\t\t\t\t\t\tELEKTRIZIT\u00c4T<br \/>\n\t\t\t\t\t\t\t\t\tMASCHENDRAHT<br \/>\n\t\t\t\t\t\t\t\t\tTOR-HARDWARE<br \/>\n\t\t\t\t\t\t\t\t\tSANDLAT<br \/>\n\t\t\t\t\t\t\t\t\tELEKTRIZIT\u00c4T<\/p>\n<p><img loading=\"lazy\" decoding=\"async\" src=\"https:\/\/woodyfence.com\/wp-content\/uploads\/2020\/01\/Electriciteit-1024x511.jpg\" alt=\"\" width=\"1024\" height=\"511\"><\/p>\n<ul>\n<li>Kurze Isolatoren<u><\/u><u><\/u><\/li>\n<li>Lange Isolatoren<u><\/u><u><\/u><\/li>\n<li>Extra lange Isolatoren f\u00fcr Hengstwiesen<u><\/u><u><\/u><\/li>\n<li>Eckisolatoren<u><\/u><u><\/u><\/li>\n<li>Galvanisiertes Stromkabel auf Zaun<u><\/u><u><\/u><\/li>\n<li>Galvanisiertes Stromkabel an Gates<u><\/u><u><\/u><\/li>\n<li>Unterirdische Stromanschl\u00fcsse an H\u00e4fen<u><\/u><u><\/u><\/li>\n<li>Elektrozaunger\u00e4t<\/li>\n<\/ul>\n<p>\t\t\t\t\t\t\t\t\tMASCHENDRAHT<\/p>\n<p><img loading=\"lazy\" decoding=\"async\" src=\"https:\/\/woodyfence.com\/wp-content\/uploads\/2020\/01\/Draadgaas-1024x511.jpg\" alt=\"\" width=\"1024\" height=\"511\"><\/p>\n<ul>\n<li>60 cm<u><\/u><u><\/u><\/li>\n<li>80 cm<u><\/u><u><\/u><\/li>\n<li>100 cm<u><\/u><u><\/u><\/li>\n<li>120 cm<u><\/u><u><\/u><\/li>\n<li>140 cm<u><\/u><u><\/u><\/li>\n<li>160 cm<u><\/u><u><\/u><\/li>\n<li>180 cm<\/li>\n<\/ul>\n<p>\t\t\t\t\t\t\t\t\tTOR-HARDWARE<\/p>\n<p><img loading=\"lazy\" decoding=\"async\" src=\"https:\/\/woodyfence.com\/wp-content\/uploads\/2020\/01\/Poortbeslag-1024x512.jpg\" alt=\"\" width=\"1024\" height=\"512\"><\/p>\n<ul>\n<li>Transfer f\u00fcr Doppeltore<u><\/u><u><\/u><\/li>\n<li>Einfache Passform einstellen<u><\/u><u><\/u><\/li>\n<li>Federverschluss<u><\/u><u><\/u><\/li>\n<li>Erdungsschraube<u><\/u><u><\/u><\/li>\n<li>Knebelverschluss<\/li>\n<\/ul>\n<p>\t\t\t\t\t\t\t\t\tSANDLAT<\/p>\n<p><img loading=\"lazy\" decoding=\"async\" src=\"https:\/\/woodyfence.com\/wp-content\/uploads\/2020\/01\/Zandlatten-1024x362.jpg\" alt=\"\" width=\"1024\" height=\"362\"><\/p>\n<p>Halten Sie den Sand Ihrer Piste in Position.<\/p>\n<p>\t\t\t\t\t\t\tkontaktiere uns<\/p>\n<h5>Interessiert?<\/h5>\n<p>Das w\u00fcrden wir gerne h\u00f6ren! Kontaktieren Sie uns gerne f\u00fcr ein unverbindliches Angebot und wir werden Ihnen die n\u00f6tigen Informationen zukommen lassen.<\/p>\n<p>\t\t\t<a href=\"https:\/\/solidfence.eu\/de\/kontakt\/\" role=\"button\"><br \/>\n\t\t\t\t\t\tKONTAKT<br \/>\n\t\t\t\t\t<\/a><\/p>\n","protected":false},"excerpt":{"rendered":"<p>W\u00c4HLEN SIE IHR DESIGN Unser Zubeh\u00f6rsortiment Kontakt ELEKTRIZIT\u00c4T MASCHENDRAHT TOR-HARDWARE SANDLAT ELEKTRIZIT\u00c4T Kurze Isolatoren Lange Isolatoren Extra lange Isolatoren f\u00fcr Hengstwiesen Eckisolatoren Galvanisiertes Stromkabel auf Zaun Galvanisiertes Stromkabel an Gates Unterirdische Stromanschl\u00fcsse an H\u00e4fen Elektrozaunger\u00e4t MASCHENDRAHT 60 cm 80 cm 100 cm 120 cm 140 cm 160 cm 180 cm TOR-HARDWARE Transfer f\u00fcr Doppeltore Einfache [&hellip;]<\/p>\n","protected":false},"author":1,"featured_media":0,"parent":0,"menu_order":0,"comment_status":"closed","ping_status":"closed","template":"","meta":{"_et_pb_use_builder":"on","_et_pb_old_content":"","_et_gb_content_width":"","_monsterinsights_skip_tracking":false,"_monsterinsights_sitenote_active":false,"_monsterinsights_sitenote_note":"","_monsterinsights_sitenote_category":0,"footnotes":""},"class_list":["post-5718","page","type-page","status-publish","hentry"],"aioseo_notices":[],"_links":{"self":[{"href":"https:\/\/solidfence.eu\/de\/wp-json\/wp\/v2\/pages\/5718","targetHints":{"allow":["GET"]}}],"collection":[{"href":"https:\/\/solidfence.eu\/de\/wp-json\/wp\/v2\/pages"}],"about":[{"href":"https:\/\/solidfence.eu\/de\/wp-json\/wp\/v2\/types\/page"}],"author":[{"embeddable":true,"href":"https:\/\/solidfence.eu\/de\/wp-json\/wp\/v2\/users\/1"}],"replies":[{"embeddable":true,"href":"https:\/\/solidfence.eu\/de\/wp-json\/wp\/v2\/comments?post=5718"}],"version-history":[{"count":3,"href":"https:\/\/solidfence.eu\/de\/wp-json\/wp\/v2\/pages\/5718\/revisions"}],"predecessor-version":[{"id":5721,"href":"https:\/\/solidfence.eu\/de\/wp-json\/wp\/v2\/pages\/5718\/revisions\/5721"}],"wp:attachment":[{"href":"https:\/\/solidfence.eu\/de\/wp-json\/wp\/v2\/media?parent=5718"}],"curies":[{"name":"wp","href":"https:\/\/api.w.org\/{rel}","templated":true}]}}